{"id":15,"date":"2023-04-23T16:37:17","date_gmt":"2023-04-23T23:37:17","guid":{"rendered":"https:\/\/marcocaoduro.com\/?page_id=15"},"modified":"2025-01-06T06:08:30","modified_gmt":"2025-01-06T14:08:30","slug":"talks","status":"publish","type":"page","link":"https:\/\/marcocaoduro.com\/index.php\/talks\/","title":{"rendered":"Talks"},"content":{"rendered":"\n<p><strong><a href=\"https:\/\/meetings.informs.org\/wordpress\/seattle2024\/\">2024 INFORMS Annual Meeting<\/a><\/strong><br>October 22, 2024<br>A characterization of unimodular hypergraphs with disjoint hyperedges<\/p>\n\n\n\n<p><strong><a href=\"https:\/\/personal.math.ubc.ca\/~loew\/WCOM\/2024-09\/wcom.php\" data-type=\"URL\">West Coast Optimization Meeting (WCOM 24)<\/a><\/strong><br>September 21, 2024<br>A characterization of unimodular hypergraphs with disjoint hyperedges<\/p>\n\n\n\n<p><a href=\"https:\/\/www.uvic.ca\/science\/math-statistics\/home\/home\/events\/index.php\"><strong>UVIC Discrete Math Seminar<\/strong><\/a><br>September 19, 2024<br>Boxicity: Representing graphs with low-dimensional boxes<\/p>\n\n\n\n<p><strong><a href=\"https:\/\/www.iam.ubc.ca\/events\/event\/title-tba-11\/\">UBC Insitute of Applied Mathematics<\/a><\/strong><br>February 26, 2024<br>Algorithmic Challenges Surrounding Colorful Carath\u00e9odory\u2019s Theorem<\/p>\n\n\n\n<p><strong><a href=\"https:\/\/www.sfu.ca\/~tstephen\/WCOM_F23\/wcom.php\" data-type=\"URL\" data-id=\"https:\/\/www.sfu.ca\/~tstephen\/WCOM_F23\/wcom.php\">West Coast Optimization Meeting (WCOM 23)<\/a><\/strong><br>September 23, 2023<br>Boxicity and Interval-Orders: Petersen and the Complements of Line Graphs<\/p>\n\n\n\n<p><a rel=\"noreferrer noopener\" href=\"https:\/\/www.canadam.ca\" data-type=\"URL\" data-id=\"https:\/\/www.canadam.ca\" target=\"_blank\"><strong>CanaDAM 2023<\/strong><\/a><br>June 6, 2023<br>On the boxicity of the Kneser Graph K(n,2) <a href=\"https:\/\/marcocaoduro.com\/wp-content\/uploads\/2023\/06\/Caoduro_Boxicity-1.pdf\" data-type=\"URL\" data-id=\"https:\/\/marcocaoduro.com\/wp-content\/uploads\/2023\/06\/Caoduro_Boxicity-1.pdf\">(slides)<\/a><\/p>\n\n\n\n<p><strong><a href=\"https:\/\/events.sfu.ca\/event\/34332-apr-6-sfu-operations-research-seminar-marco\" data-type=\"URL\" data-id=\"https:\/\/events.sfu.ca\/event\/34332-apr-6-sfu-operations-research-seminar-marco\">SFU Operations Research Seminar<\/a><\/strong><br>April 6, 2023<br>On the Packing and Hitting Numbers of Axis-parallel Segments <\/p>\n\n\n\n<p><a href=\"https:\/\/www.pims.math.ca\/scientific-event\/230314-udmsmc\" data-type=\"URL\" data-id=\"https:\/\/www.pims.math.ca\/scientific-event\/230314-udmsmc\"><strong>UBC Discrete Math Seminar<\/strong><\/a><br>March 14, 2023<br>Boxicity: New Results for Popular Graphs and Algorithmic Extensions<\/p>\n\n\n\n<p><strong><a href=\"https:\/\/www.lirmm.fr\/icgt-2022\/\">The 11th International Colloquium on Graph Theory and Combinatorics<\/a>&nbsp;<br><\/strong>July 4-8, 2022<br>On the Hitting\/Packing Ratio of Axis-Parallel Segments<\/p>\n\n\n\n<p><a href=\"https:\/\/project.inria.fr\/jga2022\/fr\/\"><strong>Journ\u00e9es de G\u00e9om\u00e9trie Algorithmique 2022<\/strong><\/a><strong>, French research community in Computational Geometry and related fields<br><\/strong>June 1, 2022<br>On the Hitting\/Packing Ratio of Axis-Parallel Segments<\/p>\n\n\n\n<p><strong><a href=\"https:\/\/oc.g-scop.grenoble-inp.fr\/\">Discrete Mathematics Seminar<\/a>, G-SCOP Laboratory \u2013 Univ. Grenoble Alpes<br><\/strong>January 13, 2022<br>Hitting and packing squares<\/p>\n\n\n\n<p><strong><a href=\"https:\/\/www.irif.fr\/seminaires\/adg\/index\">Distributed Algorithms and Graphs<\/a>&nbsp;\u2013 Research Institute on the Foundations of Computer Science (IRIF) \u2013 Universit\u00e9 de Paris<\/strong><br>November 30, 2021<br>Hitting and packing squares<\/p>\n\n\n\n<p><strong><a href=\"https:\/\/jga2021.sciencesconf.org\/\">Journ\u00e9es Graphes et Algorithmes (JGA 2021)<\/a><\/strong>&nbsp;<strong>\u2013 French-speaking community of graph theory and its applications<\/strong><br>November 19, 2021<br>Hitting and packing rectangles with a bounded aspect ratio<\/p>\n\n\n\n<p><\/p>\n\n\n\n<h3 class=\"wp-block-heading has-large-font-size\">Poster Sessions<\/h3>\n\n\n\n<p><a href=\"https:\/\/www.ipco2022.com\/home\"><strong>Conference on Integer Programming and Combinatorial Optimization (IPCO 2022)<\/strong><\/a><strong>, at the Eindhoven University of Technology, Netherlands<\/strong><br>June 27, 2022<br>On the hitting\/packing ratio of axis-parallel rectangles<\/p>\n","protected":false},"excerpt":{"rendered":"<p>2024 INFORMS Annual MeetingOctober 22, 2024A characterization of unimodular hypergraphs with disjoint hyperedges West Coast Optimization Meeting (WCOM 24)September 21, 2024A characterization of unimodular hypergraphs with disjoint hyperedges UVIC Discrete Math SeminarSeptember 19, 2024Boxicity: Representing graphs with low-dimensional boxes UBC Insitute of Applied MathematicsFebruary 26, 2024Algorithmic Challenges Surrounding Colorful Carath\u00e9odory\u2019s Theorem West Coast Optimization Meeting [&hellip;]<\/p>\n","protected":false},"author":1,"featured_media":0,"parent":0,"menu_order":4,"comment_status":"closed","ping_status":"closed","template":"","meta":[],"_links":{"self":[{"href":"https:\/\/marcocaoduro.com\/index.php\/wp-json\/wp\/v2\/pages\/15"}],"collection":[{"href":"https:\/\/marcocaoduro.com\/index.php\/wp-json\/wp\/v2\/pages"}],"about":[{"href":"https:\/\/marcocaoduro.com\/index.php\/wp-json\/wp\/v2\/types\/page"}],"author":[{"embeddable":true,"href":"https:\/\/marcocaoduro.com\/index.php\/wp-json\/wp\/v2\/users\/1"}],"replies":[{"embeddable":true,"href":"https:\/\/marcocaoduro.com\/index.php\/wp-json\/wp\/v2\/comments?post=15"}],"version-history":[{"count":10,"href":"https:\/\/marcocaoduro.com\/index.php\/wp-json\/wp\/v2\/pages\/15\/revisions"}],"predecessor-version":[{"id":316,"href":"https:\/\/marcocaoduro.com\/index.php\/wp-json\/wp\/v2\/pages\/15\/revisions\/316"}],"wp:attachment":[{"href":"https:\/\/marcocaoduro.com\/index.php\/wp-json\/wp\/v2\/media?parent=15"}],"curies":[{"name":"wp","href":"https:\/\/api.w.org\/{rel}","templated":true}]}}