{"id":13,"date":"2023-04-23T16:36:50","date_gmt":"2023-04-23T23:36:50","guid":{"rendered":"https:\/\/marcocaoduro.com\/?page_id=13"},"modified":"2025-10-10T17:00:24","modified_gmt":"2025-10-11T00:00:24","slug":"publications","status":"publish","type":"page","link":"https:\/\/marcocaoduro.com\/index.php\/publications\/","title":{"rendered":"Publications"},"content":{"rendered":"\n<h2 class=\"wp-block-heading has-extra-large-font-size\">Journal <strong>Publications<\/strong><\/h2>\n\n\n\n<p><strong><em>Packing, hitting, and colouring squares <\/em><\/strong><br>(<a href=\"https:\/\/jocg.org\/index.php\/jocg\/index\">Journal of Computational Geometry<\/a>, <a rel=\"noreferrer noopener\" href=\"https:\/\/jocg.org\/index.php\/jocg\/article\/view\/3922\" target=\"_blank\">Volume 15, No. 1<\/a>) <br>with <a href=\"https:\/\/pagesperso.g-scop.grenoble-inp.fr\/~seboa\/\" data-type=\"URL\" data-id=\"https:\/\/pagesperso.g-scop.grenoble-inp.fr\/~seboa\/\">Andr\u00e1s Seb\u0151<\/a><br>2024<\/p>\n\n\n\n<p><strong><em>A lower bound for constant-size local certification<\/em><\/strong><br>(<a href=\"https:\/\/www.sciencedirect.com\/journal\/theoretical-computer-science\/vol\/971\/suppl\/C\" data-type=\"URL\" data-id=\"https:\/\/www.sciencedirect.com\/journal\/theoretical-computer-science\/vol\/971\/suppl\/C\">Theoretical Computer Science, Volume 971<\/a>)<br>with <a href=\"https:\/\/www.lamsade.dauphine.fr\/fr\/personnes\/detail-cv\/profile\/virginia-ardevol-martinez.html\">Virginia Ard\u00e9vol Mart\u00ednez<\/a>, <a href=\"https:\/\/perso.liris.cnrs.fr\/lfeuilloley\/\">Laurent Feuilloley<\/a>, <a href=\"https:\/\/www.labri.fr\/perso\/mbonamy\/Narboni\/index.html\">Jonathan Narboni<\/a>,<a href=\"https:\/\/perso.ens-lyon.fr\/pegah.pournajafi\/\">Pegah Pournajafi<\/a> and <a href=\"https:\/\/perso.limos.fr\/~jfraymon\/\">Jean-Florent Raymond<\/a>.<br>2023<\/p>\n\n\n\n<p><strong><em>On the Boxicity of Kneser Graphs and Complements of Line Graphs<\/em><\/strong><br>(<a href=\"https:\/\/www.sciencedirect.com\/science\/article\/abs\/pii\/S0012365X23000195\">Discrete Mathematics, Volume 346, Issue 5)<\/a> (<a href=\"https:\/\/arxiv.org\/abs\/2105.02516\" data-type=\"URL\" data-id=\"https:\/\/arxiv.org\/abs\/2105.02516\">arxiv<\/a>)<br>with <a href=\"http:\/\/lyubenlichev.rf.gd\/?i=1\" data-type=\"URL\" data-id=\"http:\/\/lyubenlichev.rf.gd\/?i=1\">Lyuben Lichev<\/a><br>2023<\/p>\n\n\n\n<p><strong><em>Independence number of intersection graphs of axis-parallel segments<\/em> <\/strong>(<a href=\"https:\/\/jocg.org\/index.php\/jocg\/index\">Journal of Computational Geometry<\/a>, <a href=\"https:\/\/jocg.org\/index.php\/jocg\/issue\/view\/241\">Volume 14, No. 1<\/a>)<br>with <a href=\"https:\/\/dblp.org\/pid\/259\/0854.html\" data-type=\"URL\" data-id=\"https:\/\/dblp.org\/pid\/259\/0854.html\">Jana Cslovjecsek<\/a>, <a href=\"https:\/\/www.mimuw.edu.pl\/~mp248287\/\" data-type=\"URL\" data-id=\"https:\/\/www.mimuw.edu.pl\/~mp248287\/\">Micha\u0142 Pilipczuk<\/a>, and <a href=\"https:\/\/people.mpi-inf.mpg.de\/~kwegrzyc\/\" data-type=\"URL\" data-id=\"https:\/\/people.mpi-inf.mpg.de\/~kwegrzyc\/\">Karol W\u0119grzycki<\/a><br>2022<\/p>\n\n\n\n<h2 class=\"wp-block-heading has-extra-large-font-size\" style=\"text-transform:none\"><strong>Proceedings<\/strong><\/h2>\n\n\n\n<p><em><strong>Boxicity and Interval-Orders: Petersen and the Complements of Line Graphs<\/strong><\/em><br>(<a href=\"https:\/\/gd2023.ing.unipg.it\" data-type=\"URL\" data-id=\"https:\/\/gd2023.ing.unipg.it\">The 31st International Symposium on Graph Drawing and Network Visualization, Isola delle Femmine<\/a>, Italy) (<a rel=\"noreferrer noopener\" href=\"https:\/\/arxiv.org\/abs\/2309.02062\" data-type=\"URL\" data-id=\"https:\/\/arxiv.org\/abs\/2309.02062\" target=\"_blank\">arxiv<\/a>)<br>with with <a href=\"https:\/\/pagesperso.g-scop.grenoble-inp.fr\/~seboa\/\" data-type=\"URL\" data-id=\"https:\/\/pagesperso.g-scop.grenoble-inp.fr\/~seboa\/\">Andr\u00e1s Seb\u0151<\/a><br>2023<\/p>\n\n\n\n<p><em><strong>Lower bound for constant-size local certification <\/strong><\/em><br>(<a href=\"https:\/\/link.springer.com\/chapter\/10.1007\/978-3-031-21017-4_16#citeas\">SSS 2022. Lecture Notes in Computer Science, vol 13751. Springer<\/a>) (<a href=\"https:\/\/arxiv.org\/abs\/2208.14229\" data-type=\"URL\" data-id=\"https:\/\/arxiv.org\/abs\/2208.14229\">arxiv<\/a>)<br>with <a href=\"https:\/\/www.lamsade.dauphine.fr\/fr\/personnes\/detail-cv\/profile\/virginia-ardevol-martinez.html\" data-type=\"URL\" data-id=\"https:\/\/www.lamsade.dauphine.fr\/fr\/personnes\/detail-cv\/profile\/virginia-ardevol-martinez.html\">Virginia Ard\u00e9vol Mart\u00ednez<\/a>, <a href=\"https:\/\/perso.liris.cnrs.fr\/lfeuilloley\/\" data-type=\"URL\" data-id=\"https:\/\/perso.liris.cnrs.fr\/lfeuilloley\/\">Laurent Feuilloley<\/a>, <a href=\"https:\/\/www.labri.fr\/perso\/mbonamy\/Narboni\/index.html\" data-type=\"URL\" data-id=\"https:\/\/www.labri.fr\/perso\/mbonamy\/Narboni\/index.html\">Jonathan Narboni<\/a>, <br><a href=\"https:\/\/perso.limos.fr\/~jfraymon\/\" data-type=\"URL\" data-id=\"https:\/\/perso.limos.fr\/~jfraymon\/\">Jean-Florent Raymond<\/a>, and <a href=\"https:\/\/perso.ens-lyon.fr\/pegah.pournajafi\/\">Pegah Pournajafi<\/a><br>2022<\/p>\n\n\n\n<h2 class=\"wp-block-heading has-extra-large-font-size\" style=\"font-style:normal;font-weight:500\"><strong>Preprints<\/strong><\/h2>\n\n\n\n<p>A polynomial algorithm to compute the boxicity and threshold dimension of complements of block graphs<br>(<a href=\"https:\/\/arxiv.org\/abs\/2510.02199\">arxiv<\/a>)<br>with <a href=\"https:\/\/www.cs.ubc.ca\/~will\/\">Will Evans<\/a> and <a href=\"https:\/\/taogaede.com\">Tao Gaede<\/a><br>2025<\/p>\n\n\n\n<p>A characterization of unimodular hypergraphs with disjoint hyperedges<br>(<a href=\"https:\/\/arxiv.org\/abs\/2411.10593\" data-type=\"URL\" data-id=\"https:\/\/arxiv.org\/abs\/2411.10593\">arxiv<\/a>)<br>with <a rel=\"noreferrer noopener\" href=\"https:\/\/meike-neuwohner.de\" target=\"_blank\">Meike Neuwohner<\/a> and <a rel=\"noreferrer noopener\" href=\"https:\/\/www.sauder.ubc.ca\/people\/joseph-paat\" target=\"_blank\">Joseph Paat<\/a><br>2024<\/p>\n\n\n\n<p><strong>PhD Thesis<\/strong><br><em>Geometric challenges in combinatorial optimization : packing, hitting, and coloring rectangles<\/em><br>(<a href=\"https:\/\/theses.hal.science\/tel-04076241\" data-type=\"URL\" data-id=\"https:\/\/theses.hal.science\/tel-04076241\">HAL<\/a>)<br>Supervisors: <a href=\"https:\/\/pagesperso.g-scop.grenoble-inp.fr\/~seboa\/\" data-type=\"URL\" data-id=\"https:\/\/pagesperso.g-scop.grenoble-inp.fr\/~seboa\/\">Andr\u00e1s Seb\u0151<\/a> and &nbsp;<a href=\"https:\/\/www.irif.fr\/en\/users\/matej\/index\">Mat\u011bj Stehl\u00edk<\/a><br>Univ. Grenoble Alpes, Laboratoire G-SCOP <br>November 2022<\/p>\n","protected":false},"excerpt":{"rendered":"<p>Journal Publications Packing, hitting, and colouring squares (Journal of Computational Geometry, Volume 15, No. 1) with Andr\u00e1s Seb\u01512024 A lower bound for constant-size local certification(Theoretical Computer Science, Volume 971)with Virginia Ard\u00e9vol Mart\u00ednez, Laurent Feuilloley, Jonathan Narboni,Pegah Pournajafi and Jean-Florent Raymond.2023 On the Boxicity of Kneser Graphs and Complements of Line Graphs(Discrete Mathematics, Volume 346, Issue [&hellip;]<\/p>\n","protected":false},"author":1,"featured_media":0,"parent":0,"menu_order":3,"comment_status":"closed","ping_status":"closed","template":"","meta":[],"_links":{"self":[{"href":"https:\/\/marcocaoduro.com\/index.php\/wp-json\/wp\/v2\/pages\/13"}],"collection":[{"href":"https:\/\/marcocaoduro.com\/index.php\/wp-json\/wp\/v2\/pages"}],"about":[{"href":"https:\/\/marcocaoduro.com\/index.php\/wp-json\/wp\/v2\/types\/page"}],"author":[{"embeddable":true,"href":"https:\/\/marcocaoduro.com\/index.php\/wp-json\/wp\/v2\/users\/1"}],"replies":[{"embeddable":true,"href":"https:\/\/marcocaoduro.com\/index.php\/wp-json\/wp\/v2\/comments?post=13"}],"version-history":[{"count":22,"href":"https:\/\/marcocaoduro.com\/index.php\/wp-json\/wp\/v2\/pages\/13\/revisions"}],"predecessor-version":[{"id":344,"href":"https:\/\/marcocaoduro.com\/index.php\/wp-json\/wp\/v2\/pages\/13\/revisions\/344"}],"wp:attachment":[{"href":"https:\/\/marcocaoduro.com\/index.php\/wp-json\/wp\/v2\/media?parent=13"}],"curies":[{"name":"wp","href":"https:\/\/api.w.org\/{rel}","templated":true}]}}