{"id":101,"date":"2023-04-23T21:55:56","date_gmt":"2023-04-24T04:55:56","guid":{"rendered":"https:\/\/marcocaoduro.com\/?page_id=101"},"modified":"2025-03-31T14:40:28","modified_gmt":"2025-03-31T21:40:28","slug":"about","status":"publish","type":"page","link":"https:\/\/marcocaoduro.com\/index.php\/about\/","title":{"rendered":"About"},"content":{"rendered":"\n<h4 class=\"wp-block-heading\"><strong>Ciao! <\/strong><\/h4>\n\n\n\n<p>I&#8217;m Marco Caoduro. I am a mathematician whose research focuses on discrete geometry, linear and integer&nbsp;programming, and graph theory.<\/p>\n\n\n\n<p>Currently, I am a postdoctoral research fellow at UBC Sauder, working under the guidance of Joseph Paat and Bruce Shepherd.  Before my postdoc, I earned my PhD\u00a0at Universit\u00e9 Grenoble Alpes, where Andr\u00e1s Seb\u0151 and Mat\u011bj Stehl\u00edk supervised me. During my time there, I developed a keen interest in exploring the mathematical structures of geometric\u00a0intersection graphs, which has become a central theme in my research.<br><br>Prior to my PhD, I received a Master&#8217;s degree in Mathematics from Universit\u00e0 degli Studi di Verona in 2019. My Master&#8217;s thesis, supervised by Andr\u00e1s Frank at E\u00f6tv\u00f6s Lor\u00e1nd University in\u00a0Budapest (ELTE), explored the topic of hypergraph connectivity.<br><br>I&#8217;m passionate about using my mathematical expertise to tackle complex theoretical and real-world problems, and I&#8217;m always eager to collaborate with other researchers and explore new ideas. If you have any questions or want to learn more about my work, please don&#8217;t hesitate to reach out!<br><br>Contact me: <a href=\"mailto:marco.caoduro@ubc.ca\" data-type=\"mailto\" data-id=\"mailto:marco.caoduro@ubc.ca\">marco.caoduro(at)hotmail.com<\/a><\/p>\n\n\n\n<p><\/p>\n","protected":false},"excerpt":{"rendered":"<p>Ciao! I&#8217;m Marco Caoduro. I am a mathematician whose research focuses on discrete geometry, linear and integer&nbsp;programming, and graph theory. Currently, I am a postdoctoral research fellow at UBC Sauder, working under the guidance of Joseph Paat and Bruce Shepherd. Before my postdoc, I earned my PhD\u00a0at Universit\u00e9 Grenoble Alpes, where Andr\u00e1s Seb\u0151 and Mat\u011bj [&hellip;]<\/p>\n","protected":false},"author":1,"featured_media":0,"parent":0,"menu_order":1,"comment_status":"closed","ping_status":"closed","template":"","meta":[],"_links":{"self":[{"href":"https:\/\/marcocaoduro.com\/index.php\/wp-json\/wp\/v2\/pages\/101"}],"collection":[{"href":"https:\/\/marcocaoduro.com\/index.php\/wp-json\/wp\/v2\/pages"}],"about":[{"href":"https:\/\/marcocaoduro.com\/index.php\/wp-json\/wp\/v2\/types\/page"}],"author":[{"embeddable":true,"href":"https:\/\/marcocaoduro.com\/index.php\/wp-json\/wp\/v2\/users\/1"}],"replies":[{"embeddable":true,"href":"https:\/\/marcocaoduro.com\/index.php\/wp-json\/wp\/v2\/comments?post=101"}],"version-history":[{"count":17,"href":"https:\/\/marcocaoduro.com\/index.php\/wp-json\/wp\/v2\/pages\/101\/revisions"}],"predecessor-version":[{"id":341,"href":"https:\/\/marcocaoduro.com\/index.php\/wp-json\/wp\/v2\/pages\/101\/revisions\/341"}],"wp:attachment":[{"href":"https:\/\/marcocaoduro.com\/index.php\/wp-json\/wp\/v2\/media?parent=101"}],"curies":[{"name":"wp","href":"https:\/\/api.w.org\/{rel}","templated":true}]}}